{"id":3097,"date":"2018-08-14T06:28:14","date_gmt":"2018-08-14T06:28:14","guid":{"rendered":"http:\/\/radianthealth.us\/?page_id=3097"},"modified":"2018-08-14T06:48:48","modified_gmt":"2018-08-14T06:48:48","slug":"el-centro-quiropractico-curativo","status":"publish","type":"page","link":"https:\/\/radianthealth.us\/es\/el-centro-quiropractico-curativo\/","title":{"rendered":"EL CENTRO QUIROPR\u00c1CTICO CURATIVO"},"content":{"rendered":"<div class=\"wpb-content-wrapper\"><p>[vc_row css=\u00bb.vc_custom_1534228609750{margin-bottom: 0px !important;padding-top: 40px !important;padding-bottom: 40px !important;background-color: #f5f5f5 !important;}\u00bb][vc_column][vc_row_inner content_placement=\u00bbmiddle\u00bb css=\u00bb.vc_custom_1534228605612{margin-bottom: 0px !important;}\u00bb][vc_column_inner width=\u00bb1\/2&#8243;][vc_column_text]<\/p>\n<h1><span style=\"color: #4c7d3a;\"><strong>EL CENTRO QUIROPR\u00c1CTICO CURATIVO<\/strong><\/span><\/h1>\n<p><span style=\"font-size: 16pt;\">\u00a1Bienvenidos! \u00bfTiene usted dolor del cuello o dolor de la espalda? \u00bfTiene problemas de salud y prefiere usted utilizar los remedios y las terapias naturales?<\/span><\/p>\n<p><span style=\"font-size: 16pt;\">Dr. Tom\u00e1s Mitchell, DC habla bien el espa\u00f1ol y puede ayudar a usted.<\/span>[\/vc_column_text][\/vc_column_inner][vc_column_inner width=\u00bb1\/2&#8243;][vc_raw_html]JTNDZGl2JTIwY2xhc3MlM0QlMjJyZXNwb25zaXZlLWZyYW1lJTIyJTNFJTNDaWZyYW1lJTIwd2lkdGglM0QlMjI1NjAlMjIlMjBoZWlnaHQlM0QlMjIzMTUlMjIlMjBzcmMlM0QlMjJodHRwcyUzQSUyRiUyRnd3dy55b3V0dWJlLW5vY29va2llLmNvbSUyRmVtYmVkJTJGaDFJTWFVeVRVSnclM0ZyZWwlM0QwJTI2YW1wJTNCc2hvd2luZm8lM0QwJTIyJTIwZnJhbWVib3JkZXIlM0QlMjIwJTIyJTIwYWxsb3clM0QlMjJhdXRvcGxheSUzQiUyMGVuY3J5cHRlZC1tZWRpYSUyMiUyMGFsbG93ZnVsbHNjcmVlbiUzRSUzQyUyRmlmcmFtZSUzRSUzQyUyRmRpdiUzRQ==[\/vc_raw_html][\/vc_column_inner][\/vc_row_inner][\/vc_column][\/vc_row][vc_row css=\u00bb.vc_custom_1534228578353{margin-bottom: 0px !important;padding-top: 40px !important;padding-bottom: 40px !important;}\u00bb][vc_column][vc_row_inner content_placement=\u00bbmiddle\u00bb css=\u00bb.vc_custom_1534228583976{margin-bottom: 0px !important;}\u00bb][vc_column_inner width=\u00bb1\/2&#8243;][vc_column_text]<img decoding=\"async\" class=\"aligncenter size-full wp-image-3105\" src=\"\/wp-content\/uploads\/2018\/08\/20180604_123144-md.jpg\" alt=\"\" width=\"640\" height=\"360\" srcset=\"https:\/\/radianthealth.us\/wp-content\/uploads\/2018\/08\/20180604_123144-md.jpg 640w, https:\/\/radianthealth.us\/wp-content\/uploads\/2018\/08\/20180604_123144-md-300x169.jpg 300w, https:\/\/radianthealth.us\/wp-content\/uploads\/2018\/08\/20180604_123144-md-600x338.jpg 600w\" sizes=\"(max-width: 640px) 100vw, 640px\" \/>[\/vc_column_text][\/vc_column_inner][vc_column_inner width=\u00bb1\/2&#8243;][vc_column_text]<\/p>\n<p style=\"line-height: 20pt;\"><span style=\"font-size: 16pt;\"><strong>Utilizamos las terapias y t\u00e9cnicas siguientes para apoyar a usted:<\/strong><\/span><\/p>\n<ul class=\"fa-ul\">\n<li><span style=\"font-size: 14pt;\"><i class=\"fa fa-li fa-check\"><!-- icon --><\/i> La quiropr\u00e1ctica<\/span><\/li>\n<li><span style=\"font-size: 14pt;\"><i class=\"fa fa-li fa-check\"><!-- icon --><\/i> Remedios naturales hechos con hierbas<\/span><\/li>\n<li><span style=\"font-size: 14pt;\"><i class=\"fa fa-li fa-check\"><!-- icon --><\/i> Acupunctura<\/span><\/li>\n<li><span style=\"font-size: 14pt;\"><i class=\"fa fa-li fa-check\"><!-- icon --><\/i> Homeopat\u00eda<\/span><\/li>\n<li><span style=\"font-size: 14pt;\"><i class=\"fa fa-li fa-check\"><!-- icon --><\/i> Terapias: Laser, Ultrasonido, Tracci\u00f3n<\/span><\/li>\n<\/ul>\n<p>[\/vc_column_text][\/vc_column_inner][\/vc_row_inner][\/vc_column][\/vc_row][vc_row css=\u00bb.vc_custom_1534229326239{margin-bottom: 0px !important;padding-top: 40px !important;padding-bottom: 40px !important;background-color: #f5f5f5 !important;}\u00bb][vc_column][vc_row_inner content_placement=\u00bbmiddle\u00bb css=\u00bb.vc_custom_1534228785409{margin-bottom: 0px !important;}\u00bb][vc_column_inner width=\u00bb2\/3&#8243;][vc_column_text]<\/p>\n<p style=\"line-height: 20pt;\"><span style=\"font-size: 16pt;\"><strong>Ayudamos con muchos tipos de problemas de salud:<\/strong><\/span><\/p>\n<ul class=\"fa-ul\" style=\"margin-right: 0;\">\n<li><span style=\"font-size: 14pt;\"><i class=\"fa fa-li fa-check\"><!-- icon --><\/i> Dolor: espalda, cuello, cabeza, de todas las partes del cuerpo<\/span><\/li>\n<li><span style=\"font-size: 14pt;\"><i class=\"fa fa-li fa-check\"><!-- icon --><\/i> Digesti\u00f3n: reflujo \u00e1cido, colitis ulcerosa, diarrhea, estre\u00f1imiento, gases, inflamaci\u00f3n<\/span><\/li>\n<li><span style=\"font-size: 14pt;\"><i class=\"fa fa-li fa-check\"><!-- icon --><\/i> Piel: acne, eczema, comez\u00f3n, psoriasis<\/span><\/li>\n<li><span style=\"font-size: 14pt;\"><i class=\"fa fa-li fa-check\"><!-- icon --><\/i> Respiratorio: asma, bronquitis, catarro, gripe, fiebre<\/span><\/li>\n<li><span style=\"font-size: 14pt;\"><i class=\"fa fa-li fa-check\"><!-- icon --><\/i> Circulaci\u00f3n: presi\u00f3n alta, mareos<\/span><\/li>\n<li><span style=\"font-size: 14pt;\"><i class=\"fa fa-li fa-check\"><!-- icon --><\/i> Metab\u00f3lico: obesidad, cholesterol, diabetes, hipotiroidismo<\/span><\/li>\n<li><span style=\"font-size: 14pt;\"><i class=\"fa fa-li fa-check\"><!-- icon --><\/i> Otro: ansiedad, depresi\u00f3n, anemia, cansancio<\/span><\/li>\n<\/ul>\n<p>[\/vc_column_text][\/vc_column_inner][vc_column_inner width=\u00bb1\/3&#8243;][vc_column_text]<img decoding=\"async\" class=\"aligncenter size-full wp-image-3120\" src=\"\/wp-content\/uploads\/2018\/08\/20170407_101302-sq.jpg\" alt=\"\" width=\"480\" height=\"480\" srcset=\"https:\/\/radianthealth.us\/wp-content\/uploads\/2018\/08\/20170407_101302-sq.jpg 480w, https:\/\/radianthealth.us\/wp-content\/uploads\/2018\/08\/20170407_101302-sq-150x150.jpg 150w, https:\/\/radianthealth.us\/wp-content\/uploads\/2018\/08\/20170407_101302-sq-300x300.jpg 300w, https:\/\/radianthealth.us\/wp-content\/uploads\/2018\/08\/20170407_101302-sq-100x100.jpg 100w\" sizes=\"(max-width: 480px) 100vw, 480px\" \/>[\/vc_column_text][\/vc_column_inner][\/vc_row_inner][\/vc_column][\/vc_row][vc_row css=\u00bb.vc_custom_1534228853390{margin-bottom: 0px !important;padding-top: 40px !important;padding-bottom: 40px !important;}\u00bb][vc_column][vc_row_inner css=\u00bb.vc_custom_1534228856485{margin-bottom: 0px !important;}\u00bb][vc_column_inner width=\u00bb1\/6&#8243;][\/vc_column_inner][vc_column_inner width=\u00bb2\/3&#8243;][vc_column_text]<\/p>\n<p style=\"text-align: center;\"><strong><span style=\"font-size: 18pt;\">Exito con atritris reumatoide<\/span><\/strong><\/p>\n<p>[\/vc_column_text][vc_raw_html]JTNDZGl2JTIwY2xhc3MlM0QlMjJyZXNwb25zaXZlLWZyYW1lJTIyJTNFJTNDaWZyYW1lJTIwd2lkdGglM0QlMjI1NjAlMjIlMjBoZWlnaHQlM0QlMjIzMTUlMjIlMjBzcmMlM0QlMjJodHRwcyUzQSUyRiUyRnd3dy55b3V0dWJlLW5vY29va2llLmNvbSUyRmVtYmVkJTJGa2JWdnhzbHFGRjglM0ZyZWwlM0QwJTI2YW1wJTNCc2hvd2luZm8lM0QwJTIyJTIwZnJhbWVib3JkZXIlM0QlMjIwJTIyJTIwYWxsb3clM0QlMjJhdXRvcGxheSUzQiUyMGVuY3J5cHRlZC1tZWRpYSUyMiUyMGFsbG93ZnVsbHNjcmVlbiUzRSUzQyUyRmlmcmFtZSUzRSUzQyUyRmRpdiUzRQ==[\/vc_raw_html][\/vc_column_inner][vc_column_inner width=\u00bb1\/6&#8243;][\/vc_column_inner][\/vc_row_inner][\/vc_column][\/vc_row][vc_row css=\u00bb.vc_custom_1534228069789{margin-bottom: 0px !important;padding-top: 40px !important;padding-bottom: 40px !important;background-color: #6c5887 !important;}\u00bb][vc_column][vc_row_inner css=\u00bb.vc_custom_1534228074511{margin-bottom: 0px !important;}\u00bb][vc_column_inner][vc_column_text el_class=\u00bbwhite\u00bb]<\/p>\n<p style=\"text-align: center;\"><span style=\"font-size: 18pt;\"><strong>!LL\u00c1MENOS HOY PARA RECLAMAR SU SALUD!<\/strong><\/span><br \/>\n<span style=\"font-size: 18pt;\"><strong>919-785-2200<\/strong><\/span><\/p>\n<p>[\/vc_column_text][\/vc_column_inner][\/vc_row_inner][\/vc_column][\/vc_row]<\/p>\n<\/div>","protected":false},"excerpt":{"rendered":"<p>[vc_row css=\u00bb.vc_custom_1534228609750{margin-bottom: 0px !important;padding-top: 40px !important;padding-bottom: 40px !important;background-color: #f5f5f5 !important;}\u00bb][vc_column][vc_row_inner content_placement=\u00bbmiddle\u00bb css=\u00bb.vc_custom_1534228605612{margin-bottom: 0px !important;}\u00bb][vc_column_inner width=\u00bb1\/2&#8243;][vc_column_text] EL CENTRO QUIROPR\u00c1CTICO CURATIVO \u00a1Bienvenidos! \u00bfTiene usted dolor del cuello o dolor de la espalda? \u00bfTiene problemas de salud y prefiere usted utilizar los remedios &#8230;<\/p>\n","protected":false},"author":3,"featured_media":0,"parent":0,"menu_order":0,"comment_status":"closed","ping_status":"closed","template":"page-stretched.php","meta":{"footnotes":""},"class_list":["post-3097","page","type-page","status-publish","hentry"],"_links":{"self":[{"href":"https:\/\/radianthealth.us\/es\/wp-json\/wp\/v2\/pages\/3097","targetHints":{"allow":["GET"]}}],"collection":[{"href":"https:\/\/radianthealth.us\/es\/wp-json\/wp\/v2\/pages"}],"about":[{"href":"https:\/\/radianthealth.us\/es\/wp-json\/wp\/v2\/types\/page"}],"author":[{"embeddable":true,"href":"https:\/\/radianthealth.us\/es\/wp-json\/wp\/v2\/users\/3"}],"replies":[{"embeddable":true,"href":"https:\/\/radianthealth.us\/es\/wp-json\/wp\/v2\/comments?post=3097"}],"version-history":[{"count":28,"href":"https:\/\/radianthealth.us\/es\/wp-json\/wp\/v2\/pages\/3097\/revisions"}],"predecessor-version":[{"id":3130,"href":"https:\/\/radianthealth.us\/es\/wp-json\/wp\/v2\/pages\/3097\/revisions\/3130"}],"wp:attachment":[{"href":"https:\/\/radianthealth.us\/es\/wp-json\/wp\/v2\/media?parent=3097"}],"curies":[{"name":"wp","href":"https:\/\/api.w.org\/{rel}","templated":true}]}}