{"id":1094,"date":"2016-03-03T10:29:47","date_gmt":"2016-03-03T10:29:47","guid":{"rendered":"http:\/\/radianthealth.axionthemes.com\/?page_id=1094"},"modified":"2019-07-09T12:26:07","modified_gmt":"2019-07-09T12:26:07","slug":"testimonials","status":"publish","type":"page","link":"https:\/\/radianthealth.us\/es\/testimonials\/","title":{"rendered":"Testimonials"},"content":{"rendered":"<div class=\"widget widget_woothemes_testimonials\">\n<div class=\"testimonials componentnone\">\n<div class=\"testimonials-list\">\n<div id=\"quote-1114\" class=\"quote first\"><blockquote class=\"testimonials-text\"><div class=\"responsive-frame\"><iframe width=\"420\" height=\"315\" src=\"https:\/\/www.youtube.com\/embed\/kxSv1-QRA-0?rel=0&amp;showinfo=0\" frameborder=\"0\" allowfullscreen><\/iframe><\/div>\n<\/blockquote> <cite class=\"author\"><span>Weight Loss assisted by Raleigh Chiropractor<\/span><\/cite><!--\/.author-->\n<div class=\"fix\"><\/div><\/div><div id=\"quote-1121\" class=\"quote\"><blockquote class=\"testimonials-text\"><div class=\"responsive-frame\"><iframe width=\"420\" height=\"315\" src=\"https:\/\/www.youtube.com\/embed\/oIgQ5Tqxf58?rel=0&amp;showinfo=0\" frameborder=\"0\" allowfullscreen><\/iframe><\/div>\n<\/blockquote> <cite class=\"author\"><span>Helps with food allergies, energy and mental clarity<\/span><\/cite><!--\/.author-->\n<div class=\"fix\"><\/div><\/div><div id=\"quote-1118\" class=\"quote\"><blockquote class=\"testimonials-text\"><div class=\"responsive-frame\"><iframe width=\"420\" height=\"315\" src=\"https:\/\/www.youtube.com\/embed\/5wMIGhHJJj4?rel=0&amp;showinfo=0\" frameborder=\"0\" allowfullscreen><\/iframe><\/div>\n<\/blockquote> <cite class=\"author\"><span>Raleigh Chiropractor and Homeopathy for Your Health<\/span><\/cite><!--\/.author-->\n<div class=\"fix\"><\/div><\/div><div id=\"quote-1122\" class=\"quote\"><blockquote class=\"testimonials-text\"><div class=\"responsive-frame\"><iframe width=\"420\" height=\"315\" src=\"https:\/\/www.youtube.com\/embed\/gCnhfI4B2EU?rel=0&amp;showinfo=0\" frameborder=\"0\" allowfullscreen><\/iframe><\/div>\n<\/blockquote> <cite class=\"author\"><span>Raleigh Chiropractic Helps Chronic Sinus Headaches<\/span><\/cite><!--\/.author-->\n<div class=\"fix\"><\/div><\/div><div id=\"quote-1125\" class=\"quote\"><blockquote class=\"testimonials-text\"><div class=\"responsive-frame\"><iframe width=\"420\" height=\"315\" src=\"https:\/\/www.youtube.com\/embed\/Gf_Gm3wjSgM?rel=0&amp;showinfo=0\" frameborder=\"0\" allowfullscreen><\/iframe><\/div>\n<\/blockquote> <cite class=\"author\"><span>Raleigh Acupuncture Helps Patient Stop Pain Medications for Car Injury<\/span><\/cite><!--\/.author-->\n<div class=\"fix\"><\/div><\/div><div id=\"quote-390\" class=\"quote\"><blockquote class=\"testimonials-text\"><p>Sin la ayuda del Dr. Mitchell, nunca hubiera podido disfrutar de mis actividades amadas como el golf, la pesca, la caminata y la nataci\u00f3n. Inmediatamente identific\u00f3 la causa ra\u00edz de mi espalda y problemas musculares en una visita y comenz\u00f3 los tratamientos apropiados. Su terapia experta, ajustes y tratamientos de acupuntura ocasionales me mantienen en un estado de salud. Deseo mantenerme feliz y activa en los a\u00f1os mayores..<\/p>\n<\/blockquote> <cite class=\"author\"><span>Gene Addesso, Cary<\/span><\/cite><!--\/.author-->\n<div class=\"fix\"><\/div><\/div><div id=\"quote-1034\" class=\"quote\"><blockquote class=\"testimonials-text\"><p>Tom Mitchell is the best chiropractor ever! I have seen many chiropractors in my life but Dr. Mitchell is the best. He has a healing power! I walk in feeling pain and leave feeling great. I have sent three of my family members to see him. We all love him.<\/p>\n<\/blockquote> <cite class=\"author\"><span>Amanda Brazel, Raleigh<\/span><\/cite><!--\/.author-->\n<div class=\"fix\"><\/div><\/div><div id=\"quote-1045\" class=\"quote\"><blockquote class=\"testimonials-text\"><p>After suffering from tendonitis for several months, I was having difficulty driving, practicing yoga and even holding a book to read. I was considering surgery until I began to see Dr. Mitchell, who massaged my arm and recommended herbal supplements and homeopathy. I\u2019ve experienced slow consistent improvement in my elbow and avoided surgery. I also feel more calm overall and my sleep is much improved. Dr. Mitchell\u2019s encouragement of life changes and herbs has given me the patience and perseverance to stay on a non-surgical path. While treating the original problem with the elbow, he has quietly but consistently impacted other parts of my life in a positive way.<\/p>\n<\/blockquote> <cite class=\"author\"><span>Karen Ughetta, Salem, VA<\/span><\/cite><!--\/.author-->\n<div class=\"fix\"><\/div><\/div><div id=\"quote-1057\" class=\"quote\"><blockquote class=\"testimonials-text\"><p>My physician prescribed conventional medication for an anxiety disorder but the side effects were difficult. On a recent trip to North Carolina I had the opportunity to meet with Dr. Mitchell. He recommended a homeopathic remedy that has been very effective. I am able to sleep better and am better able to control panic attacks.<\/p>\n<\/blockquote> <cite class=\"author\"><span>B.A., Millburn, NJ<\/span><\/cite><!--\/.author-->\n<div class=\"fix\"><\/div><\/div><div id=\"quote-1105\" class=\"quote\"><blockquote class=\"testimonials-text\"><p>Over the past thirteen years I\u2019ve seen Dr. Mitchell for a variety of problems including back and neck pain, a painful rotator cuff injury, and a severe rash that popped up on my face out of nowhere. I\u2019ve been extremely pleased with his consistent, attentive and knowledgeable care, and have experienced excellent results. I also appreciate how caring his office staff is and their focus on customer service.<\/p>\n<\/blockquote> <cite class=\"author\"><span>Sherry Essig, Raleigh, N.C.<\/span><\/cite><!--\/.author-->\n<div class=\"fix\"><\/div><\/div><div id=\"quote-1110\" class=\"quote\"><blockquote class=\"testimonials-text\"><p>I was so anxious for years that I started taking Klonopin \u2014 and was still having panic attacks. I did a telephone consult with Dr. Mitchell, after which he analyzed my saliva test and recommended a supplement to calm my adrenals. The adrenal support works so quickly, it\u2019s amazing! Within minutes I relax, calm down and I\u2019m able to sleep. It\u2019s made a huge difference in how I feel, and now I\u2019ve finally weaned myself off the Klonopin.<\/p>\n<\/blockquote> <cite class=\"author\"><span>Betty Mitchell of Normal, Illinois<\/span><\/cite><!--\/.author-->\n<div class=\"fix\"><\/div><\/div><div id=\"quote-1112\" class=\"quote\"><blockquote class=\"testimonials-text\"><p>When I have occasional sciatica, it has been very debilitating in the past, sometimes for weeks. The only treatment that has resolved the pain quickly is acupuncture, and I felt relief immediately. Within a day or two, I was fully recovered.<\/p>\n<\/blockquote> <cite class=\"author\"><span>Bonnie Cagan, Raleigh, N.C.<\/span><\/cite><!--\/.author-->\n<div class=\"fix\"><\/div><\/div><div id=\"quote-1117\" class=\"quote\"><blockquote class=\"testimonials-text\"><p>I was experiencing severe right shoulder pain that quickly limited my strength and range of motion. It was so bad that even when driving, I had to lift my right arm with my left one to place it on the arm rest. I had to get very creative in handling day to day tasks like blow drying my hair and getting dressed. I consulted with Dr. Mitchell very early on in the process and he indicated that I was showing all the signs of \u201cfrozen shoulder.\u201d After three or four acupuncture treatments with Dr. Mitchell, the rotator cuff relaxed and the joint became mobile again. Dr. Mitchell is my physician of choice for my low back maintenance and for keeping my shoulders healthy and pain free.<\/p>\n<\/blockquote> <cite class=\"author\"><span>Pat O\u2019Quinn, Raleigh, NC<\/span><\/cite><!--\/.author-->\n<div class=\"fix\"><\/div><\/div><div id=\"quote-1124\" class=\"quote\"><blockquote class=\"testimonials-text\"><p>I was referred to Dr. Mitchell by my primary care physician during a period of unexpected and intense family stress. Having had acupuncture treatments in the past I had a positive expectation. However, in my experience his amazing rapport and connection to his patients contributed to the results I have received. Each time I have seen Dr Mitchell I have left calm and centered and would recommend him wholeheartedly.<\/p>\n<\/blockquote> <cite class=\"author\"><span>Marilou Seavey, Raleigh, NC<\/span><\/cite><!--\/.author-->\n<div class=\"fix\"><\/div><\/div><div id=\"quote-1129\" class=\"quote\"><blockquote class=\"testimonials-text\"><p>Dr. Mitchell revived my quality of life with acupuncture and chiropractic treatments. Within two weeks of treatments for hormonally induced headaches, my headaches had virtually disappeared, and they remain gone with the follow-up treatments. I no longer take prescription or over-the-counter medications, and I feel so much better.<\/p>\n<\/blockquote> <cite class=\"author\"><span>Suzanne G., Raleigh<\/span><\/cite><!--\/.author-->\n<div class=\"fix\"><\/div><\/div><div id=\"quote-1130\" class=\"quote\"><blockquote class=\"testimonials-text\"><p>At a critical point in my life when Chinese herbs, acupuncture and other alternative medicine treatments had reached their limitations in treating uterine fibroids, I came across Dr. Mitchell. With his powerful Ayurvedic herbal remedies, Dr. Mitchell became instrumental in saving me from a hysterectomy. I will always remember Dr. Mitchell for his support.<\/p>\n<\/blockquote> <cite class=\"author\"><span>Poonam Mohan, Raleigh, NC<\/span><\/cite><!--\/.author-->\n<div class=\"fix\"><\/div><\/div><div id=\"quote-1134\" class=\"quote\"><blockquote class=\"testimonials-text\"><p>I had rosacea with pimples and dry skin on my face since I was a teenager, and I felt very self-conscious. Within two weeks of taking the herbs from Dr. Mitchell, my complexion was noticeably improved. At 65 it is wonderful to finally have a clear complexion!<\/p>\n<\/blockquote> <cite class=\"author\"><span>Gennie L. Thurlow, Raleigh, NC<\/span><\/cite><!--\/.author-->\n<div class=\"fix\"><\/div><\/div><div id=\"quote-1139\" class=\"quote\"><blockquote class=\"testimonials-text\"><p>I\u2019d had terrible bowel problems for years. Dr. Mitchell started me on supplements for my digestive system, and I became regular within a week. That\u2019s been amazing.<\/p>\n<\/blockquote> <cite class=\"author\"><span>Kimberly Wilson<\/span><\/cite><!--\/.author-->\n<div class=\"fix\"><\/div><\/div><div id=\"quote-1140\" class=\"quote\"><blockquote class=\"testimonials-text\"><p>I\u2019ve suffered from periodic low-back pain since I was a teenager, and I\u2019ve seen many chiropractors over the years. Dr. Mitchell is hands-down the best! He will shoot straight and help correct your problem. He cares about his patients and won\u2019t rush out the door. I highly recommend him.<\/p>\n<\/blockquote> <cite class=\"author\"><span>Mina Lloyd, Raleigh<\/span><\/cite><!--\/.author-->\n<div class=\"fix\"><\/div><\/div><div id=\"quote-1141\" class=\"quote\"><blockquote class=\"testimonials-text\"><p>For several years I\u2019ve referred patients to Dr. Mitchell for a full spectrum of chronic health problems, including digestive and respiratory disorders and chronic pain. My patients have experienced remarkable results when they take advantage of Dr. Mitchell\u2019s combined expertise in chiropractic, acupuncture and the use of nutritional supplements and herbal remedies. Many of these patients have not responded well to traditional drug therapy and others prefer to avoid pharmaceuticals.<\/p>\n<\/blockquote> <cite class=\"author\"><span>Michael Stadiem, M.D. Family Practice, Cary, N.C.<\/span><\/cite><!--\/.author-->\n<div class=\"fix\"><\/div><\/div><div id=\"quote-1144\" class=\"quote\"><blockquote class=\"testimonials-text\"><p>I came to Dr. Mitchell because I had severe digestive issues along with joint pain, fatigue and brain fog in spite of a vegetarian diet, breathwork, meditation and regular exercise. Dr. Mitchell recommended an elimination diet to uncover the source of the inflammation undermining my health. Within three weeks my symptoms disappeared. He then carefully guided me through a process of reintroducing foods to discover what I\u2019m allergic to. Under Dr. Mitchell\u2019s thorough and supportive guidance, I have more sustainable energy than I have known for many years.<\/p>\n<\/blockquote> <cite class=\"author\"><span>P. M., Colorado<\/span><\/cite><!--\/.author-->\n<div class=\"fix\"><\/div><\/div><div id=\"quote-1145\" class=\"quote\"><blockquote class=\"testimonials-text\"><p>I had recently been diagnosed as pre-diabetic among several health problems, and I started looking for an alternative healthcare practitioner who could turn things around for me. Less than a month after starting a detoxifying diet and herbal supplements recommended by Dr. Mitchell, my blood sugar returned to normal, I lost 20 pounds, my cholesterol dropped 35 points and my blood pressure came down. I feel much better now, I have more energy and I feel like I\u2019m doing something positive for myself following this program.<\/p>\n<\/blockquote> <cite class=\"author\"><span>Jon Batson, Raleigh<\/span><\/cite><!--\/.author-->\n<div class=\"fix\"><\/div><\/div><div id=\"quote-1147\" class=\"quote\"><blockquote class=\"testimonials-text\"><p>Dr. Mitchell gave me a homeopathic remedy for head colds that\u2019s amazing! It\u2019s the only thing I\u2019ve ever taken that opens up my sinuses so I can breathe when I have a cold \u2014 without side effects. If I take it at the first signs of a cold, it often nips it in the bud so that I don\u2019t come down with the virus.<\/p>\n<\/blockquote> <cite class=\"author\"><span>Joy Cohen, Raleigh, NC<\/span><\/cite><!--\/.author-->\n<div class=\"fix\"><\/div><\/div><div id=\"quote-1149\" class=\"quote\"><blockquote class=\"testimonials-text\"><p>I had severe abdominal pain and gastro-intestinal issues for three years and had numerous medical tests to determine the cause. Although a medical doctor had ruled out gluten intolerance, I intuitively felt that I might have some kind of food issue. I signed up for the detoxification program offered by Dr. Mitchell that includes an elimination diet. After I completed the protocol it was clear that I am sensitive to gluten after all. Now I\u2019m on a gluten-free diet and I feel remarkably better. My stomach pain is gone, I\u2019m no longer constipated, I have more energy and my skin has cleared up. Dr. Mitchell has been wonderful to work with. He\u2019s been very thorough, and he really values the health of his patients.<\/p>\n<\/blockquote> <cite class=\"author\"><span>Joi Williams, Raleigh, N<\/span><\/cite><!--\/.author-->\n<div class=\"fix\"><\/div><\/div><div id=\"quote-1151\" class=\"quote\"><blockquote class=\"testimonials-text\"><p>I tried every acne medicine you can name for a severe case of acne when I was in high school, but none of them worked for me. My whole face was covered, and my self-esteem suffered. Finally I tried the herbs recommended by Dr. Mitchell and they did the trick. After taking the herbs daily for several months, my face rapidly cleared. Today, my face is completely free of acne with no scarring. Not only did the herbs clear up the acne, but my self-esteem improved tremendously.<\/p>\n<\/blockquote> <cite class=\"author\"><span>Brad Church, Nashville<\/span><\/cite><!--\/.author-->\n<div class=\"fix\"><\/div><\/div><div id=\"quote-1154\" class=\"quote\"><blockquote class=\"testimonials-text\"><p>I suffered from chronic neck and back pain for years as a result of working in a laboratory, and I never thought I was going to improve until I saw Dr. Mitchell. After only three weeks of taking herbal supplements and receiving chiropractic treatment, the pain was gone. Now I can do the things that mean so much to me such as picking up my daughter and practicing yoga.<\/p>\n<\/blockquote> <cite class=\"author\"><span>Cindy Nickels, Apex, NC<\/span><\/cite><!--\/.author-->\n<div class=\"fix\"><\/div><\/div><div id=\"quote-1157\" class=\"quote\"><blockquote class=\"testimonials-text\"><p>It amazes me that I can have a brief telephone consultation with Dr. Tom, and he knows exactly what my mind, body and spirit need. I\u2019ve always regretted that he doesn\u2019t live closer because he would be my \u2018general practitioner\u2019 if we were in the same city. However, I\u2019ve gotten excellent results from the Ayurvedic herbs and refer him to friends and family with great confidence.<\/p>\n<\/blockquote> <cite class=\"author\"><span>Harriet Reisman-Snyder, Dallas<\/span><\/cite><!--\/.author-->\n<div class=\"fix\"><\/div><\/div><div id=\"quote-1160\" class=\"quote\"><blockquote class=\"testimonials-text\"><p>I\u2019ve consulted with Dr. Mitchell for 15 years, and I\u2019ve always appreciated his total commitment to his patients. His insights are consistently on target, and the Ayurvedic herbs he recommends have not only benefited my physical conditions but have also uplifted my moods. At one time I had chronic pain in my left knee and seemed destined for surgery. Years later, I am happy to report that by using the Ayurvedic herbs recommended by Dr. Mitchell, I no longer have chronic pain and my mobility is no longer limited.<\/p>\n<\/blockquote> <cite class=\"author\"><span>Linda Lusk, Palm Springs, CA<\/span><\/cite><!--\/.author-->\n<div class=\"fix\"><\/div><\/div><div id=\"quote-1162\" class=\"quote\"><blockquote class=\"testimonials-text\"><p>I have been using the Ayurvedic herbs that Dr. Mitchell recommends for more than ten years. As a result, on a daily basis I have more energy, rarely fall ill and experience a sense of inner balance, joy and clarity in the midst of a life that is full of activities and responsibilities.<\/p>\n<\/blockquote> <cite class=\"author\"><span>John Osborne, Santa Monica, CA<\/span><\/cite><!--\/.author-->\n<div class=\"fix\"><\/div><\/div><div id=\"quote-6424\" class=\"quote\"><blockquote class=\"testimonials-text\"><p class=\"qtranxs-available-languages-message qtranxs-available-languages-message-es\">Disculpa, pero esta entrada est\u00e1 disponible s\u00f3lo en <a href=\"https:\/\/radianthealth.us\/en\/wp-json\/wp\/v2\/pages\/1094\" class=\"qtranxs-available-language-link qtranxs-available-language-link-en\" title=\"English\">English<\/a>.<\/p>\n<\/blockquote> <cite class=\"author\"><span>(English) ~ Tatyana Seaman, Raleigh<\/span><\/cite><!--\/.author-->\n<div class=\"fix\"><\/div><\/div><div id=\"quote-6425\" class=\"quote\"><blockquote class=\"testimonials-text\"><p class=\"qtranxs-available-languages-message qtranxs-available-languages-message-es\">Disculpa, pero esta entrada est\u00e1 disponible s\u00f3lo en <a href=\"https:\/\/radianthealth.us\/en\/wp-json\/wp\/v2\/pages\/1094\" class=\"qtranxs-available-language-link qtranxs-available-language-link-en\" title=\"English\">English<\/a>.<\/p>\n<\/blockquote> <cite class=\"author\"><span>(English) ~ Leslie Ilmberger, Creedmoor, NC<\/span><\/cite><!--\/.author-->\n<div class=\"fix\"><\/div><\/div><div id=\"quote-1164\" class=\"quote\"><blockquote class=\"testimonials-text\"><p>When I started seeing Dr. Mitchell on the advice of my family doctor, my diarrhea was so intense, immediate and unpredictable that I was becoming afraid to leave my house. Within two weeks of Ayurvedic and acupuncture therapy, my digestive problems were nearly eliminated, and the immediate relief I experienced has only stabilized through the past year\u2026. The resolution of my skin issues has been just as remarkable. Within three months of taking the Ayurvedic herbs, my dermatitis cleared up, freeing me of intense itching, burning and raw oozing of my skin. But my best testimonial was yet to come. Shortly after I began treatment I suffered from diabetic retinopathy, the bursting of a retinal vessel in the eye causing blurring of the vision. The standard remedy is laser surgery. However, within three months of Ayurvedic therapy, my ophthalmologist determined that my sight had \u2018spontaneously\u2019 restored itself, and that laser surgery will not be necessary.<\/p>\n<\/blockquote> <cite class=\"author\"><span>Wilda Fisher, Cary, N.C.<\/span><\/cite><!--\/.author-->\n<div class=\"fix\"><\/div><\/div><div id=\"quote-6984\" class=\"quote\"><blockquote class=\"testimonials-text\"><p class=\"qtranxs-available-languages-message qtranxs-available-languages-message-es\">Disculpa, pero esta entrada est\u00e1 disponible s\u00f3lo en <a href=\"https:\/\/radianthealth.us\/en\/wp-json\/wp\/v2\/pages\/1094\" class=\"qtranxs-available-language-link qtranxs-available-language-link-en\" title=\"English\">English<\/a>.<\/p>\n<\/blockquote> <cite class=\"author\"><span>(English) ~ M. Lloyd<\/span><\/cite><!--\/.author-->\n<div class=\"fix\"><\/div><\/div><div id=\"quote-1167\" class=\"quote\"><blockquote class=\"testimonials-text\"><p>Recently I was experiencing severe abdominal pain, diarrhea, acid indigestion and headaches. And my whole body hurt. After three weeks of suffering from these symptoms, I went to the hospital emergency room. All the tests came back normal, and the doctors said they could find nothing wrong with me. The next day I went to see Dr. Mitchell. He recommended a few herbal remedies and told me how to change my diet. Within five days I was completely fine!<\/p>\n<\/blockquote> <cite class=\"author\"><span>Wilson Bolainez, Raleigh<\/span><\/cite><!--\/.author-->\n<div class=\"fix\"><\/div><\/div><div id=\"quote-1171\" class=\"quote\"><blockquote class=\"testimonials-text\"><p>Dr. Mitchell suspected my Hashimoto\u2019s thyroiditis and confirmed it with testing. His sophisticated testing also found deficiencies in vitamins D and B12 as well as a significant lack of probiotics. We have been working successfully on my thyroid and lifetime digestive problems. I am very satisfied with my healing relationship with Dr. Mitchell, and I have recommended him to a number of people (who have also been helped by him).<\/p>\n<\/blockquote> <cite class=\"author\"><span>Pat Banko, Raleigh, N.C.<\/span><\/cite><!--\/.author-->\n<div class=\"fix\"><\/div><\/div><div id=\"quote-1173\" class=\"quote\"><blockquote class=\"testimonials-text\"><p>When I first saw Dr. Mitchell I was extremely anxious and not sleeping during a very stressful period in my life. The anti-anxiety drug that my MD prescribed made me feel even worse. Dr. Mitchell recommended some herbal nutritional supplements and lifestyle changes. Within a few weeks I felt better and was able to start enjoying life again. Four years later I am still free of anxiety.<\/p>\n<\/blockquote> <cite class=\"author\"><span>Arturo Garcia, Raleigh<\/span><\/cite><!--\/.author-->\n<div class=\"fix\"><\/div><\/div><div id=\"quote-1175\" class=\"quote\"><blockquote class=\"testimonials-text\"><p>I had been tired a lot and sleepy after meals so Dr. Mitchell looked at my blood test results and explained that I was pre-diabetic. After changing my diet and taking his nutritional supplements, I feel so much more energy! I lost 20 pounds, my blood sugar and blood pressure returned to normal and my cholesterol dropped 80 points!<\/p>\n<\/blockquote> <cite class=\"author\"><span>Hugo Castro, Durham, NC<\/span><\/cite><!--\/.author-->\n<div class=\"fix\"><\/div><\/div><div id=\"quote-1177\" class=\"quote\"><blockquote class=\"testimonials-text\"><p>I was diagnosed with mild ulcerative colitis. I had such frequent diarrhea with bleeding that I was nervous about going out, afraid I might have a flare-up in public. Dr. Mitchell recommended herbal supplements and changes to my diet that have given me wonderful results. As long as I follow the course of treatment he recommended, I feel awesome.<\/p>\n<\/blockquote> <cite class=\"author\"><span>Susan Stimmel, Raleigh<\/span><\/cite><!--\/.author-->\n<div class=\"fix\"><\/div><\/div><div id=\"quote-6995\" class=\"quote last\"><blockquote class=\"testimonials-text\"><p class=\"qtranxs-available-languages-message qtranxs-available-languages-message-es\">Disculpa, pero esta entrada est\u00e1 disponible s\u00f3lo en <a href=\"https:\/\/radianthealth.us\/en\/wp-json\/wp\/v2\/pages\/1094\" class=\"qtranxs-available-language-link qtranxs-available-language-link-en\" title=\"English\">English<\/a>.<\/p>\n<\/blockquote> <cite class=\"author\"><span>(English) ~ Barbara Johnson<\/span><\/cite><!--\/.author-->\n<div class=\"fix\"><\/div><\/div><\/div><!--\/.testimonials-list-->\n<div class=\"fix\"><\/div>\n<\/div><!--\/.testimonials-->\n<\/div>\n\n","protected":false},"excerpt":{"rendered":"<p>Disculpa, pero esta entrada est\u00e1 disponible s\u00f3lo en English.<\/p>\n","protected":false},"author":2,"featured_media":0,"parent":0,"menu_order":0,"comment_status":"closed","ping_status":"closed","template":"","meta":{"footnotes":""},"class_list":["post-1094","page","type-page","status-publish","hentry"],"_links":{"self":[{"href":"https:\/\/radianthealth.us\/es\/wp-json\/wp\/v2\/pages\/1094","targetHints":{"allow":["GET"]}}],"collection":[{"href":"https:\/\/radianthealth.us\/es\/wp-json\/wp\/v2\/pages"}],"about":[{"href":"https:\/\/radianthealth.us\/es\/wp-json\/wp\/v2\/types\/page"}],"author":[{"embeddable":true,"href":"https:\/\/radianthealth.us\/es\/wp-json\/wp\/v2\/users\/2"}],"replies":[{"embeddable":true,"href":"https:\/\/radianthealth.us\/es\/wp-json\/wp\/v2\/comments?post=1094"}],"version-history":[{"count":5,"href":"https:\/\/radianthealth.us\/es\/wp-json\/wp\/v2\/pages\/1094\/revisions"}],"predecessor-version":[{"id":3551,"href":"https:\/\/radianthealth.us\/es\/wp-json\/wp\/v2\/pages\/1094\/revisions\/3551"}],"wp:attachment":[{"href":"https:\/\/radianthealth.us\/es\/wp-json\/wp\/v2\/media?parent=1094"}],"curies":[{"name":"wp","href":"https:\/\/api.w.org\/{rel}","templated":true}]}}