{"id":1007,"date":"2016-03-03T09:31:00","date_gmt":"2016-03-03T09:31:00","guid":{"rendered":"http:\/\/radianthealth.axionthemes.com\/?page_id=1007"},"modified":"2022-02-10T22:31:02","modified_gmt":"2022-02-10T22:31:02","slug":"acupuncture","status":"publish","type":"page","link":"https:\/\/radianthealth.us\/es\/acupuncture\/","title":{"rendered":"Acupuncture"},"content":{"rendered":"<div class=\"wpb-content-wrapper\"><p>[vc_row][vc_column][vc_column_text]<\/p>\n<h2>Acupuncture Raleigh, NC: An Ancient Practice Verified by Modern Research<\/h2>\n<p>Did you know that hospitals in major metropolitan areas across the country \u2014 including UNC Memorial Hospital and Duke Integrative Medicine \u2014 are offering acupuncture treatments as part of their approach to integrative health care?<\/p>\n<p>Practiced for several thousand years in Asia, acupuncture is now commonly used in the U.S. to help relieve musculoskeletal pain. The World Health Organization recommends acupuncture for treating many conditions, including those listed below, without side effects:<\/p>\n<ul>\n<li>Relieving postoperative pain<\/li>\n<li>Nausea during pregnancy<\/li>\n<li>Nausea and vomiting resulting from chemotherapy<\/li>\n<li>Dental pain<\/li>\n<li>Allergic Rhinitis<\/li>\n<li>Essential Hypertension<\/li>\n<li>Stroke<\/li>\n<li>Acute and Chronic Gastritis<\/li>\n<li>Anxiety<\/li>\n<li>Panic disorders<\/li>\n<li>Insomnia<\/li>\n<li>Addiction<\/li>\n<li>Depression<\/li>\n<\/ul>\n<h3>How Acupuncture Works<\/h3>\n<div id=\"attachment_1008\" style=\"width: 310px\" class=\"wp-caption alignleft\"><img decoding=\"async\" aria-describedby=\"caption-attachment-1008\" class=\"size-medium wp-image-1008\" src=\"\/wp-content\/uploads\/2016\/03\/raleigh_nc_acupuncture-300x200-300x200.jpg\" alt=\"Dr. Mitchell places needles in the hands of a patient to resolve his pain.\" width=\"300\" height=\"200\" \/><p id=\"caption-attachment-1008\" class=\"wp-caption-text\">Dr. Mitchell places needles in the hands of a patient to resolve his pain.<\/p><\/div>\n<p>The root cause of musculoskeletal pain and many chronic illnesses may be blockages in energetic pathways called meridians. Dr. Mitchell performs an assessment of the twelve primary acupuncture meridians by measuring electrical conductivity at various key points. Data generated in this manner has a high degree of accuracy and reliability. A computer-generated analysis offers the patient a clear visual picture of the underlying cause of health problems as well as a recommended treatment plan to restore balance. Treatment occurs by stimulating points along these pathways to open up the flow of vital life force call Qi (pronounced chee).<\/p>\n<p>A course of acupuncture treatments at Mitchell Chiropractic Healing Center is tailored to the individual using the following acupuncture modalities:<\/p>\n<ul>\n<li><em>Acupuncture without needles:<\/em> Dr. Mitchell uses electronic probes to diagnose the body\u2019s imbalances as well as to treat the patient with imperceptible electrical current<\/li>\n<li>Electro-acupuncture (acupuncture without needles using completely painless electrical microcurrent)<\/li>\n<li><em>Traditional acupuncture<\/em> with needle application<\/li>\n<li><em>Auriculotherapy<\/em>, a specialized form of acupuncture treating points in the ear<\/li>\n<\/ul>\n<div id=\"attachment_1010\" style=\"width: 310px\" class=\"wp-caption aligncenter\"><img decoding=\"async\" aria-describedby=\"caption-attachment-1010\" class=\"size-medium wp-image-1010\" src=\"\/wp-content\/uploads\/2016\/03\/raleigh_acupuncture_without_needles-300x200.jpg\" alt=\"Acupuncture without needles: Dr. Mitchell uses electronic probes to diagnose the body\u2019s imbalances as well as to treat the patient.\" width=\"300\" height=\"200\" srcset=\"https:\/\/radianthealth.us\/wp-content\/uploads\/2016\/03\/raleigh_acupuncture_without_needles-300x200.jpg 300w, https:\/\/radianthealth.us\/wp-content\/uploads\/2016\/03\/raleigh_acupuncture_without_needles.jpg 600w\" sizes=\"(max-width: 300px) 100vw, 300px\" \/><p id=\"caption-attachment-1010\" class=\"wp-caption-text\">Acupuncture without needles: Dr. Mitchell uses electronic probes to diagnose the body\u2019s imbalances as well as to treat the patient.<\/p><\/div>\n<div class=\"widget widget_woothemes_testimonials\">\n<div class=\"testimonials componentnone\">\n<div class=\"testimonials-list\">\n<div id=\"quote-390\" class=\"quote first last\"><blockquote class=\"testimonials-text\"><p>Sin la ayuda del Dr. Mitchell, nunca hubiera podido disfrutar de mis actividades amadas como el golf, la pesca, la caminata y la nataci\u00f3n. Inmediatamente identific\u00f3 la causa ra\u00edz de mi espalda y problemas musculares en una visita y comenz\u00f3 los tratamientos apropiados. Su terapia experta, ajustes y tratamientos de acupuntura ocasionales me mantienen en un estado de salud. Deseo mantenerme feliz y activa en los a\u00f1os mayores..<\/p>\n<\/blockquote> <cite class=\"author\"><span>Gene Addesso, Cary<\/span><\/cite><!--\/.author-->\n<div class=\"fix\"><\/div><\/div><\/div><!--\/.testimonials-list-->\n<div class=\"fix\"><\/div>\n<\/div><!--\/.testimonials-->\n<\/div>\n[\/vc_column_text][\/vc_column][\/vc_row][vc_row][vc_column][vc_row_inner][vc_column_inner][vc_column_text]<\/p>\n<p class=\"p1\"><span class=\"s1\"><div class=\"widget widget_woothemes_testimonials\">\n<div class=\"testimonials componentnone\">\n<div class=\"testimonials-list\">\n<div id=\"quote-2017\" class=\"quote first last\"><blockquote class=\"testimonials-text\"><p>\u00abI had been suffering with pain and decreased range of motion in my neck for two and one-half years before meeting Dr. Mitchell. Driving a car and checking in the rear view mirrors, and routine activities involving turning my head \u2014 even hugging people \u2014 had become increasingly difficult. As Dr. Mitchell began working with me, my pain immediately decreased.<\/p>\n<p>After only ten laser treatments and chiropractic adjustments, he ended my neck pain and markedly increased my neck mobility. An unexpected side effect was improved balance, which enhanced my running and biking performances. I have now graduated from bi-weekly adjustments and laser treatments to a once monthly maintenance regimen. It is absolutely wonderful being pain-free and enjoying my active lifestyle. I have had such positive experiences in Dr. Mitchell\u2019s practice that I have asked him to treat another condition of mine. Already, after three treatments, I am seeing phenomenal progress.\u201d<\/p>\n<\/blockquote> <cite class=\"author\"><span>Renee Foster, Raleigh<\/span><\/cite><!--\/.author-->\n<div class=\"fix\"><\/div><\/div><\/div><!--\/.testimonials-list-->\n<div class=\"fix\"><\/div>\n<\/div><!--\/.testimonials-->\n<\/div>\n<\/span><\/p>\n<p>[\/vc_column_text][\/vc_column_inner][\/vc_row_inner][\/vc_column][\/vc_row]<\/p>\n<\/div>","protected":false},"excerpt":{"rendered":"<p>\u00abI had been suffering with pain and decreased range of motion in my neck for two and one-half years before meeting Dr. Mitchell. Driving a car and checking in the rear view mirrors, and routine activities involving turning my head &#8230;<\/p>\n","protected":false},"author":5,"featured_media":0,"parent":0,"menu_order":0,"comment_status":"closed","ping_status":"closed","template":"","meta":{"footnotes":""},"class_list":["post-1007","page","type-page","status-publish","hentry"],"_links":{"self":[{"href":"https:\/\/radianthealth.us\/es\/wp-json\/wp\/v2\/pages\/1007","targetHints":{"allow":["GET"]}}],"collection":[{"href":"https:\/\/radianthealth.us\/es\/wp-json\/wp\/v2\/pages"}],"about":[{"href":"https:\/\/radianthealth.us\/es\/wp-json\/wp\/v2\/types\/page"}],"author":[{"embeddable":true,"href":"https:\/\/radianthealth.us\/es\/wp-json\/wp\/v2\/users\/5"}],"replies":[{"embeddable":true,"href":"https:\/\/radianthealth.us\/es\/wp-json\/wp\/v2\/comments?post=1007"}],"version-history":[{"count":12,"href":"https:\/\/radianthealth.us\/es\/wp-json\/wp\/v2\/pages\/1007\/revisions"}],"predecessor-version":[{"id":5049,"href":"https:\/\/radianthealth.us\/es\/wp-json\/wp\/v2\/pages\/1007\/revisions\/5049"}],"wp:attachment":[{"href":"https:\/\/radianthealth.us\/es\/wp-json\/wp\/v2\/media?parent=1007"}],"curies":[{"name":"wp","href":"https:\/\/api.w.org\/{rel}","templated":true}]}}